{"id":643,"date":"2025-02-26T02:39:26","date_gmt":"2025-02-26T02:39:26","guid":{"rendered":"https:\/\/panoenertech.com\/legal-notice\/"},"modified":"2025-02-26T02:44:53","modified_gmt":"2025-02-26T02:44:53","slug":"legal-notice","status":"publish","type":"page","link":"https:\/\/panoenertech.com\/es\/legal-notice\/","title":{"rendered":"Aviso legal"},"content":{"rendered":"<div data-elementor-type=\"wp-page\" data-elementor-id=\"643\" class=\"elementor elementor-643\" data-elementor-post-type=\"page\">\n\t\t\t\t<div class=\"elementor-element elementor-element-21b30870 e-flex e-con-boxed e-con e-parent\" data-id=\"21b30870\" data-element_type=\"container\" data-e-type=\"container\" data-settings=\"{&quot;jet_parallax_layout_list&quot;:[]}\">\n\t\t\t\t\t<div class=\"e-con-inner\">\n\t\t\t\t<div class=\"elementor-element elementor-element-6ad0fd79 elementor-widget elementor-widget-shortcode\" data-id=\"6ad0fd79\" data-element_type=\"widget\" data-e-type=\"widget\" data-widget_type=\"shortcode.default\">\n\t\t\t\t<div class=\"elementor-widget-container\">\n\t\t\t\t\t\t\t<div class=\"elementor-shortcode\">\n<!-- Legal document generated by Complianz | GDPR\/CCPA Cookie Consent https:\/\/wordpress.org\/plugins\/complianz-gdpr -->\n<div id=\"cmplz-document\" class=\"cmplz-document impressum cmplz-document-all\"><p><i>Este aviso legal \/ imprint fue actualizado por \u00faltima vez el 6 de marzo de 2025.<\/i><\/p><p class=\"cmplz-subtitle\">El propietario de esta web es:<\/p><p>Pano New Energy Technology Europe, S.L. Pano New Energy Technology Europe, S.L.<br>Calle Severo Ochoa 41, Malaga TechPark 29590 M\u00e1laga<br \/>\n<br>Espa\u00f1a<br>Correo electr\u00f3nico:&nbsp;<br>N\u00famero de tel\u00e9fono: +34 951 836 004<br>CIF (N\u00famero de IVA): B44708469<\/p><h2>1. General<\/h2><p>No estamos dispuestos ni obligados a participar en procedimientos de resoluci\u00f3n de conflictos ante una junta de arbitraje de consumo.<\/p><\/div><\/div>\n\t\t\t\t\t\t<\/div>\n\t\t\t\t<\/div>\n\t\t\t\t\t<\/div>\n\t\t\t\t<\/div>\n\t\t\t\t<\/div>","protected":false},"excerpt":{"rendered":"","protected":false},"author":1,"featured_media":0,"parent":0,"menu_order":0,"comment_status":"closed","ping_status":"closed","template":"","meta":{"footnotes":""},"class_list":["post-643","page","type-page","status-publish","hentry"],"_links":{"self":[{"href":"https:\/\/panoenertech.com\/es\/wp-json\/wp\/v2\/pages\/643","targetHints":{"allow":["GET"]}}],"collection":[{"href":"https:\/\/panoenertech.com\/es\/wp-json\/wp\/v2\/pages"}],"about":[{"href":"https:\/\/panoenertech.com\/es\/wp-json\/wp\/v2\/types\/page"}],"author":[{"embeddable":true,"href":"https:\/\/panoenertech.com\/es\/wp-json\/wp\/v2\/users\/1"}],"replies":[{"embeddable":true,"href":"https:\/\/panoenertech.com\/es\/wp-json\/wp\/v2\/comments?post=643"}],"version-history":[{"count":6,"href":"https:\/\/panoenertech.com\/es\/wp-json\/wp\/v2\/pages\/643\/revisions"}],"predecessor-version":[{"id":660,"href":"https:\/\/panoenertech.com\/es\/wp-json\/wp\/v2\/pages\/643\/revisions\/660"}],"wp:attachment":[{"href":"https:\/\/panoenertech.com\/es\/wp-json\/wp\/v2\/media?parent=643"}],"curies":[{"name":"wp","href":"https:\/\/api.w.org\/{rel}","templated":true}]}}